{"id":3,"date":"2023-07-28T09:07:21","date_gmt":"2023-07-28T09:07:21","guid":{"rendered":"https:\/\/www.addvice.pt\/wp\/?page_id=3"},"modified":"2023-12-28T11:12:09","modified_gmt":"2023-12-28T11:12:09","slug":"privacy-policy","status":"publish","type":"page","link":"https:\/\/www.addvice.pt\/pt\/privacy-policy\/","title":{"rendered":"Pol\u00edtica de Privacidade"},"content":{"rendered":"<div data-elementor-type=\"wp-page\" data-elementor-id=\"3\" class=\"elementor elementor-3\" data-elementor-post-type=\"page\">\n\t\t\t\t\t\t<section class=\"elementor-section elementor-top-section elementor-element elementor-element-b511e95 elementor-section-boxed elementor-section-height-default elementor-section-height-default\" data-id=\"b511e95\" data-element_type=\"section\" data-e-type=\"section\">\n\t\t\t\t\t\t<div class=\"elementor-container elementor-column-gap-default\">\n\t\t\t\t\t<div class=\"elementor-column elementor-col-100 elementor-top-column elementor-element elementor-element-7096736\" data-id=\"7096736\" data-element_type=\"column\" data-e-type=\"column\">\n\t\t\t<div class=\"elementor-widget-wrap elementor-element-populated\">\n\t\t\t\t\t\t<div class=\"elementor-element elementor-element-f9ec9ca elementor-view-default elementor-widget elementor-widget-icon\" data-id=\"f9ec9ca\" data-element_type=\"widget\" data-e-type=\"widget\" data-widget_type=\"icon.default\">\n\t\t\t\t<div class=\"elementor-widget-container\">\n\t\t\t\t\t\t\t<div class=\"elementor-icon-wrapper\">\n\t\t\t<a class=\"elementor-icon\" href=\"https:\/\/www.addvice.pt\/pt\/\">\n\t\t\t<i aria-hidden=\"true\" class=\"fas fa-times\"><\/i>\t\t\t<\/a>\n\t\t<\/div>\n\t\t\t\t\t\t<\/div>\n\t\t\t\t<\/div>\n\t\t\t\t\t<\/div>\n\t\t<\/div>\n\t\t\t\t\t<\/div>\n\t\t<\/section>\n\t\t\t\t<section class=\"elementor-section elementor-top-section elementor-element elementor-element-23b4a1f elementor-section-boxed elementor-section-height-default elementor-section-height-default\" data-id=\"23b4a1f\" data-element_type=\"section\" data-e-type=\"section\">\n\t\t\t\t\t\t<div class=\"elementor-container elementor-column-gap-default\">\n\t\t\t\t\t<div class=\"elementor-column elementor-col-100 elementor-top-column elementor-element elementor-element-579834f\" data-id=\"579834f\" data-element_type=\"column\" data-e-type=\"column\">\n\t\t\t<div class=\"elementor-widget-wrap elementor-element-populated\">\n\t\t\t\t\t\t<div class=\"elementor-element elementor-element-e9532d1 elementor-widget elementor-widget-text-editor\" data-id=\"e9532d1\" data-element_type=\"widget\" data-e-type=\"widget\" data-widget_type=\"text-editor.default\">\n\t\t\t\t<div class=\"elementor-widget-container\">\n\t\t\t\t\t\t\t\t\t<p class=\"p1\"><b>ADDVICE \u2013 BETWEEN TENDENCIES UNIPESSOAL, LDA<\/b><\/p>\n<p class=\"p1\"><b>POL\u00cdTICA DE PRIVACIDADE E <i>COOKIES<\/i><\/b><\/p>\n<p class=\"p4\">A presente POL\u00cdTICA DE PRIVACIDADE E COOKIES entra em vigor no momento em que o utilizador decida aceder e registar-se enquanto tal junto da Addvice, sem preju\u00edzo de ser solicitado o consentimento necess\u00e1rio por parte do titular dos dados.<span class=\"Apple-converted-space\">&nbsp;<\/span><\/p>\n<p class=\"p4\">A pol\u00edtica de privacidade e cookies \u00e9 parte integrante dos termos e condi\u00e7\u00f5es correspondendo ao cumprimento integral da legisla\u00e7\u00e3o respeitante \u00e0 prote\u00e7\u00e3o de dados, designadamente, do Regulamento (EU) n.\u00ba 2016\/679 e da Lei n.\u00ba 58\/2019, de 8 de Agosto que concretiza na ordem jur\u00eddica interna as disposi\u00e7\u00f5es resultantes das regras europeias.<\/p>\n<p><b>1. PRIVACIDADE E COMPROMISSO<\/b><\/p>\n<p class=\"p4\">O Regulamento Geral de Prote\u00e7\u00e3o de Dados (doravante, RGPD) estabelece as regras relativas \u00e0 prote\u00e7\u00e3o, tratamento e livre circula\u00e7\u00e3o dos dados das pessoas singulares no \u00e2mbito da Uni\u00e3o Europeia. A prote\u00e7\u00e3o dos dados pessoais deve ser assegurada, independentemente da tecnologia ou dos meios utilizados para a sua recolha e tratamento. Em qualquer dos casos, todos estes os dados pessoais recolhidos est\u00e3o sujeitos \u00e0s medidas de prote\u00e7\u00e3o previstas no RGPD.<\/p>\n<p class=\"p6\">Assim, a Addvice reserva o direito de utilizar e poder transmitir os dados pessoais a entidades subcontratantes para que estes os tratem em seu nome e por sua conta, sendo que a Addvice sempre tomar\u00e1 medidas contratuais necess\u00e1rias para garantir que os subcontratantes respeitem e protejam os dados pessoais do titular nos termos da lei. Tamb\u00e9m poder\u00e1 a Addvice transmitir dados a terceiros para prossecu\u00e7\u00e3o dos seus fins e desde que garantido o respeito pelas medidas de prote\u00e7\u00e3o de dados pessoais.<\/p>\n<p class=\"p7\">A Addvice trata e conserva os dados pessoais conforme as regras aplic\u00e1veis e apenas pelo per\u00edodo de tempo necess\u00e1rio para o cumprimento das finalidades que motivaram a sua recolha e conserva\u00e7\u00e3o, fazendo-o em cumprimento da lei, acompanhando atentamente as orienta\u00e7\u00f5es e decis\u00f5es da CNPD. Ressalva-se, por\u00e9m, as situa\u00e7\u00f5es em que a lei determina a conserva\u00e7\u00e3o dos dados por um per\u00edodo de tempo m\u00ednimo, designadamente o dever de conserva\u00e7\u00e3o de correspond\u00eancia comercial por 10 anos ou o dever de conserva\u00e7\u00e3o de dados relevantes para efeitos fiscais, por per\u00edodos at\u00e9 12 anos.<\/p>\n<p><b>2. CATEGORIAS DE DADOS<\/b><\/p>\n<p class=\"p4\">A Addvice recolhe dois tipos de informa\u00e7\u00e3o: informa\u00e7\u00e3o pessoal e informa\u00e7\u00e3o an\u00f3nima. A recolha de informa\u00e7\u00e3o anonimizada ocorre enquanto o titular de dados pessoais visita as plataformas digitais e tem como objetivo melhorar o funcionamento das mesmas, incluindo a gest\u00e3o e a prioriza\u00e7\u00e3o de conte\u00fados. A recolha de informa\u00e7\u00e3o pessoal acontece quando recolhemos os dados pessoais diretamente do utilizador, nomeadamente quando este contacta diretamente a Addvice.<span class=\"Apple-converted-space\">&nbsp;<\/span><\/p>\n<p class=\"p4\">A recolha de dados pessoais pode ser feita oralmente, por escrito, mediante o preenchimento de formul\u00e1rios, o envio de comunica\u00e7\u00f5es por e-mail, ou atrav\u00e9s da utiliza\u00e7\u00e3o das plataformas digitais. De qualquer forma, todos os dados recolhidos nas plataformas digitais s\u00e3o processados de forma autom\u00e1tica, sendo que a informa\u00e7\u00e3o recolhida do titular de dados pessoais \u00e9 conservada e gerida de acordo com regras de seguran\u00e7a e prote\u00e7\u00e3o adequadas.<span class=\"Apple-converted-space\">&nbsp;<\/span><\/p>\n<p><b>3. DIREITOS DO TITULAR DOS DADOS<\/b><\/p>\n<p class=\"p4\">O utilizador, pela disponibiliza\u00e7\u00e3o dos seus dados pessoais \u00e0 Addvice, consente que os mesmos sejam tratados de acordo com a presente Pol\u00edtica de Privacidade. Contudo, ressalva-se e alerta-se que no \u00e2mbito e nos termos do RGPD e demais legisla\u00e7\u00e3o aplic\u00e1vel, o titular dos dados pessoais goza dos seguintes direitos: direito de informa\u00e7\u00e3o, acesso e retifica\u00e7\u00e3o ou apagamento de dados pessoais, o direito \u00e0 portabilidade dos dados, bem como, o direito de limitar ou opor-se ao tratamento dos seus dados. O exerc\u00edcio desses direitos \u00e9 feito atrav\u00e9s dos meios do contacto identificados pela Addvice.<span class=\"Apple-converted-space\">&nbsp;<\/span><\/p>\n<p class=\"p4\">A todo o tempo, o titular poder\u00e1 remover o consentimento que tenha sido prestado para o tratamento dos seus dados pessoais, sendo que a revoga\u00e7\u00e3o n\u00e3o afetar\u00e1 a licitude do tratamento dos dados pessoais efetuado at\u00e9 \u00e0 data da revoga\u00e7\u00e3o. <span class=\"Apple-converted-space\">&nbsp;<\/span><\/p>\n<p class=\"p4\">Por fim, adverte-se que o titular poder\u00e1 apresentar reclama\u00e7\u00e3o ou solicitar esclarecimentos relativamente \u00e0 forma de tratamento dos seus dados pessoas atrav\u00e9s de contacto com a Comiss\u00e3o Nacional de Prote\u00e7\u00e3o de Dados (CNPD).<\/p>\n<p><b>4. RESPONSABILIDADE PELO TRATAMENTO DE DADOS<\/b><\/p>\n<p class=\"p6\">No \u00e2mbito da atividade desenvolvida pela Addvice \u2013 Between Tendencies Unipessoal, Lda e de acordo com os fins estatut\u00e1rios, a pr\u00f3pria assume-se como entidade respons\u00e1vel pelo tratamento dos dados pessoais recolhidos no \u00e2mbito da sua atividade, facultando-se os seguintes contactos para resolu\u00e7\u00e3o de problemas e troca de informa\u00e7\u00f5es relacionadas com a prote\u00e7\u00e3o de dados.<\/p>\n<p class=\"p6\">Morada: Rua Sampaio e Pina, 58 2\u00ba andar<\/p>\n<p class=\"p6\">Email: info@addvice.pt<\/p>\n<p class=\"p6\">Contacto telef\u00f3nico:+351916517004<\/p>\n<p class=\"p6\">Respons\u00e1vel: Carlos Ribeirinha<\/p>\n<p><b>5. POL\u00cdTICA DE COOKIES<\/b><\/p>\n<p class=\"p4\">Os cookies permitem o armazenamento de informa\u00e7\u00e3o sobre o hist\u00f3rico de navega\u00e7\u00e3o e pesquisa dos utilizadores, permitindo o registo das prefer\u00eancias e o desenvolvimento do <i>site <\/i>atrav\u00e9s da identifica\u00e7\u00e3o de padr\u00f5es de utiliza\u00e7\u00e3o.<\/p>\n<p class=\"p4\">Caso n\u00e3o consinta a utiliza\u00e7\u00e3o de <i>cookies<\/i>, poder\u00e1 desativar\/alterar a configura\u00e7\u00e3o do seu navegador (Google Chrome, Internet Explorer, Mozilla Firefox, Safari, Opera), devendo para esse efeito, aceder \u00e0s defini\u00e7\u00f5es dos navegadores, sendo que em caso de dificuldade poder\u00e1 consultar as sec\u00e7\u00f5es de <i>Ajuda e Suporte<\/i> dos respetivos navegadores.<\/p>\n<p class=\"p4\">O utilizador que navegue no nosso site aceita e consente a instala\u00e7\u00e3o e utiliza\u00e7\u00e3o de cookies, sendo que poder\u00e1 a qualquer momento, revogar o seu consentimento e proceder \u00e0 elimina\u00e7\u00e3o dos cookies j\u00e1 armazenados, tamb\u00e9m atrav\u00e9s das configura\u00e7\u00f5es do navegador utilizado.<\/p>\t\t\t\t\t\t\t\t<\/div>\n\t\t\t\t<\/div>\n\t\t\t\t\t<\/div>\n\t\t<\/div>\n\t\t\t\t\t<\/div>\n\t\t<\/section>\n\t\t\t\t<\/div>","protected":false},"excerpt":{"rendered":"<p>ADDVICE \u2013 BETWEEN TENDENCIES UNIPESSOAL, LDA POL\u00cdTICA DE PRIVACIDADE E COOKIES A presente POL\u00cdTICA DE PRIVACIDADE E COOKIES entra em vigor no momento em que o utilizador decida aceder e registar-se enquanto tal junto da Addvice, sem preju\u00edzo de ser solicitado o consentimento necess\u00e1rio por parte do titular dos dados.&nbsp; A pol\u00edtica de privacidade e &hellip;<\/p>\n<p class=\"read-more\"> <a class=\"\" href=\"https:\/\/www.addvice.pt\/pt\/privacy-policy\/\"> <span class=\"screen-reader-text\">Pol\u00edtica de Privacidade<\/span> Read More &raquo;<\/a><\/p>","protected":false},"author":1,"featured_media":0,"parent":0,"menu_order":0,"comment_status":"closed","ping_status":"open","template":"","meta":{"site-sidebar-layout":"no-sidebar","site-content-layout":"page-builder","ast-global-header-display":"","ast-banner-title-visibility":"","ast-main-header-display":"","ast-hfb-above-header-display":"","ast-hfb-below-header-display":"","ast-hfb-mobile-header-display":"","site-post-title":"disabled","ast-breadcrumbs-content":"","ast-featured-img":"disabled","footer-sml-layout":"","theme-transparent-header-meta":"","adv-header-id-meta":"","stick-header-meta":"","header-above-stick-meta":"","header-main-stick-meta":"","header-below-stick-meta":"","_themeisle_gutenberg_block_has_review":false,"footnotes":""},"class_list":["post-3","page","type-page","status-publish","hentry"],"yoast_head":"<!-- This site is optimized with the Yoast SEO plugin v26.6 - https:\/\/yoast.com\/wordpress\/plugins\/seo\/ -->\n<title>Pol\u00edtica de Privacidade - Addvice<\/title>\n<meta name=\"robots\" content=\"index, follow, max-snippet:-1, max-image-preview:large, max-video-preview:-1\" \/>\n<link rel=\"canonical\" href=\"https:\/\/www.addvice.pt\/pt\/privacy-policy\/\" \/>\n<meta property=\"og:locale\" content=\"pt_PT\" \/>\n<meta property=\"og:type\" content=\"article\" \/>\n<meta property=\"og:title\" content=\"Pol\u00edtica de Privacidade - Addvice\" \/>\n<meta property=\"og:description\" content=\"ADDVICE \u2013 BETWEEN TENDENCIES UNIPESSOAL, LDA POL\u00cdTICA DE PRIVACIDADE E COOKIES A presente POL\u00cdTICA DE PRIVACIDADE E COOKIES entra em vigor no momento em que o utilizador decida aceder e registar-se enquanto tal junto da Addvice, sem preju\u00edzo de ser solicitado o consentimento necess\u00e1rio por parte do titular dos dados.&nbsp; A pol\u00edtica de privacidade e &hellip; Pol\u00edtica de Privacidade Read More &raquo;\" \/>\n<meta property=\"og:url\" content=\"https:\/\/www.addvice.pt\/pt\/privacy-policy\/\" \/>\n<meta property=\"og:site_name\" content=\"Addvice\" \/>\n<meta property=\"article:modified_time\" content=\"2023-12-28T11:12:09+00:00\" \/>\n<meta name=\"twitter:card\" content=\"summary_large_image\" \/>\n<meta name=\"twitter:label1\" content=\"Tempo estimado de leitura\" \/>\n\t<meta name=\"twitter:data1\" content=\"4 minutos\" \/>\n<script type=\"application\/ld+json\" class=\"yoast-schema-graph\">{\"@context\":\"https:\/\/schema.org\",\"@graph\":[{\"@type\":\"WebPage\",\"@id\":\"https:\/\/www.addvice.pt\/privacy-policy\/\",\"url\":\"https:\/\/www.addvice.pt\/privacy-policy\/\",\"name\":\"Pol\u00edtica de Privacidade - Addvice\",\"isPartOf\":{\"@id\":\"https:\/\/www.addvice.pt\/#website\"},\"datePublished\":\"2023-07-28T09:07:21+00:00\",\"dateModified\":\"2023-12-28T11:12:09+00:00\",\"breadcrumb\":{\"@id\":\"https:\/\/www.addvice.pt\/privacy-policy\/#breadcrumb\"},\"inLanguage\":\"pt-PT\",\"potentialAction\":[{\"@type\":\"ReadAction\",\"target\":[\"https:\/\/www.addvice.pt\/privacy-policy\/\"]}]},{\"@type\":\"BreadcrumbList\",\"@id\":\"https:\/\/www.addvice.pt\/privacy-policy\/#breadcrumb\",\"itemListElement\":[{\"@type\":\"ListItem\",\"position\":1,\"name\":\"Home\",\"item\":\"https:\/\/www.addvice.pt\/\"},{\"@type\":\"ListItem\",\"position\":2,\"name\":\"Pol\u00edtica de Privacidade\"}]},{\"@type\":\"WebSite\",\"@id\":\"https:\/\/www.addvice.pt\/#website\",\"url\":\"https:\/\/www.addvice.pt\/\",\"name\":\"Addvice\",\"description\":\"Uma experi\u00eancia interativa.\",\"publisher\":{\"@id\":\"https:\/\/www.addvice.pt\/#organization\"},\"potentialAction\":[{\"@type\":\"SearchAction\",\"target\":{\"@type\":\"EntryPoint\",\"urlTemplate\":\"https:\/\/www.addvice.pt\/?s={search_term_string}\"},\"query-input\":{\"@type\":\"PropertyValueSpecification\",\"valueRequired\":true,\"valueName\":\"search_term_string\"}}],\"inLanguage\":\"pt-PT\"},{\"@type\":\"Organization\",\"@id\":\"https:\/\/www.addvice.pt\/#organization\",\"name\":\"Addvice\",\"url\":\"https:\/\/www.addvice.pt\/\",\"logo\":{\"@type\":\"ImageObject\",\"inLanguage\":\"pt-PT\",\"@id\":\"https:\/\/www.addvice.pt\/#\/schema\/logo\/image\/\",\"url\":\"https:\/\/www.addvice.pt\/wp-content\/uploads\/2023\/09\/cropped-addvice_new-web-4-2-1.png\",\"contentUrl\":\"https:\/\/www.addvice.pt\/wp-content\/uploads\/2023\/09\/cropped-addvice_new-web-4-2-1.png\",\"width\":512,\"height\":512,\"caption\":\"Addvice\"},\"image\":{\"@id\":\"https:\/\/www.addvice.pt\/#\/schema\/logo\/image\/\"}}]}<\/script>\n<!-- \/ Yoast SEO plugin. -->","yoast_head_json":{"title":"Pol\u00edtica de Privacidade - Addvice","robots":{"index":"index","follow":"follow","max-snippet":"max-snippet:-1","max-image-preview":"max-image-preview:large","max-video-preview":"max-video-preview:-1"},"canonical":"https:\/\/www.addvice.pt\/pt\/privacy-policy\/","og_locale":"pt_PT","og_type":"article","og_title":"Pol\u00edtica de Privacidade - Addvice","og_description":"ADDVICE \u2013 BETWEEN TENDENCIES UNIPESSOAL, LDA POL\u00cdTICA DE PRIVACIDADE E COOKIES A presente POL\u00cdTICA DE PRIVACIDADE E COOKIES entra em vigor no momento em que o utilizador decida aceder e registar-se enquanto tal junto da Addvice, sem preju\u00edzo de ser solicitado o consentimento necess\u00e1rio por parte do titular dos dados.&nbsp; A pol\u00edtica de privacidade e &hellip; Pol\u00edtica de Privacidade Read More &raquo;","og_url":"https:\/\/www.addvice.pt\/pt\/privacy-policy\/","og_site_name":"Addvice","article_modified_time":"2023-12-28T11:12:09+00:00","twitter_card":"summary_large_image","twitter_misc":{"Tempo estimado de leitura":"4 minutos"},"schema":{"@context":"https:\/\/schema.org","@graph":[{"@type":"WebPage","@id":"https:\/\/www.addvice.pt\/privacy-policy\/","url":"https:\/\/www.addvice.pt\/privacy-policy\/","name":"Pol\u00edtica de Privacidade - Addvice","isPartOf":{"@id":"https:\/\/www.addvice.pt\/#website"},"datePublished":"2023-07-28T09:07:21+00:00","dateModified":"2023-12-28T11:12:09+00:00","breadcrumb":{"@id":"https:\/\/www.addvice.pt\/privacy-policy\/#breadcrumb"},"inLanguage":"pt-PT","potentialAction":[{"@type":"ReadAction","target":["https:\/\/www.addvice.pt\/privacy-policy\/"]}]},{"@type":"BreadcrumbList","@id":"https:\/\/www.addvice.pt\/privacy-policy\/#breadcrumb","itemListElement":[{"@type":"ListItem","position":1,"name":"Home","item":"https:\/\/www.addvice.pt\/"},{"@type":"ListItem","position":2,"name":"Pol\u00edtica de Privacidade"}]},{"@type":"WebSite","@id":"https:\/\/www.addvice.pt\/#website","url":"https:\/\/www.addvice.pt\/","name":"Addvice","description":"Uma experi\u00eancia interativa.","publisher":{"@id":"https:\/\/www.addvice.pt\/#organization"},"potentialAction":[{"@type":"SearchAction","target":{"@type":"EntryPoint","urlTemplate":"https:\/\/www.addvice.pt\/?s={search_term_string}"},"query-input":{"@type":"PropertyValueSpecification","valueRequired":true,"valueName":"search_term_string"}}],"inLanguage":"pt-PT"},{"@type":"Organization","@id":"https:\/\/www.addvice.pt\/#organization","name":"Addvice","url":"https:\/\/www.addvice.pt\/","logo":{"@type":"ImageObject","inLanguage":"pt-PT","@id":"https:\/\/www.addvice.pt\/#\/schema\/logo\/image\/","url":"https:\/\/www.addvice.pt\/wp-content\/uploads\/2023\/09\/cropped-addvice_new-web-4-2-1.png","contentUrl":"https:\/\/www.addvice.pt\/wp-content\/uploads\/2023\/09\/cropped-addvice_new-web-4-2-1.png","width":512,"height":512,"caption":"Addvice"},"image":{"@id":"https:\/\/www.addvice.pt\/#\/schema\/logo\/image\/"}}]}},"_links":{"self":[{"href":"https:\/\/www.addvice.pt\/pt\/wp-json\/wp\/v2\/pages\/3","targetHints":{"allow":["GET"]}}],"collection":[{"href":"https:\/\/www.addvice.pt\/pt\/wp-json\/wp\/v2\/pages"}],"about":[{"href":"https:\/\/www.addvice.pt\/pt\/wp-json\/wp\/v2\/types\/page"}],"author":[{"embeddable":true,"href":"https:\/\/www.addvice.pt\/pt\/wp-json\/wp\/v2\/users\/1"}],"replies":[{"embeddable":true,"href":"https:\/\/www.addvice.pt\/pt\/wp-json\/wp\/v2\/comments?post=3"}],"version-history":[{"count":83,"href":"https:\/\/www.addvice.pt\/pt\/wp-json\/wp\/v2\/pages\/3\/revisions"}],"predecessor-version":[{"id":2598,"href":"https:\/\/www.addvice.pt\/pt\/wp-json\/wp\/v2\/pages\/3\/revisions\/2598"}],"wp:attachment":[{"href":"https:\/\/www.addvice.pt\/pt\/wp-json\/wp\/v2\/media?parent=3"}],"curies":[{"name":"wp","href":"https:\/\/api.w.org\/{rel}","templated":true}]}}